{"id":92,"date":"2025-08-03T21:54:08","date_gmt":"2025-08-04T00:54:08","guid":{"rendered":"https:\/\/pitangailhagrande.com\/?page_id=92"},"modified":"2025-08-03T21:54:11","modified_gmt":"2025-08-04T00:54:11","slug":"a-ilha","status":"publish","type":"page","link":"https:\/\/pitangailhagrande.com\/index.php\/a-ilha\/","title":{"rendered":"A Ilha"},"content":{"rendered":"\n<blockquote class=\"wp-block-quote is-layout-flow wp-block-quote-is-layout-flow\">\n<p><strong>Mais do que hospedagem, uma experi\u00eancia acolhedora.<\/strong><br>Na Pousada Pitanga, acreditamos que descanso de verdade come\u00e7a com simplicidade, conforto e natureza. Estamos localizados na charmosa Vila do Abra\u00e3o, em meio \u00e0 mata atl\u00e2ntica, com f\u00e1cil acesso \u00e0s trilhas e praias mais encantadoras da Ilha Grande.<br>Aqui, voc\u00ea \u00e9 recebido com carinho, num ambiente familiar e tranquilo \u2014 perfeito para quem busca desacelerar e se reconectar com o que importa.<\/p>\n<\/blockquote>\n\n\n\n<div style=\"height:50px\" aria-hidden=\"true\" class=\"wp-block-spacer\"><\/div>\n\n\n\n<hr class=\"wp-block-separator has-alpha-channel-opacity\"\/>\n\n\n\n<div style=\"height:50px\" aria-hidden=\"true\" class=\"wp-block-spacer\"><\/div>\n\n\n\n<h3 class=\"wp-block-heading\"><strong>O que fazer na Ilha <\/strong><\/h3>\n\n\n\n<p><strong>(atividades sugeridas)<\/strong><\/p>\n\n\n\n<blockquote class=\"wp-block-quote is-layout-flow wp-block-quote-is-layout-flow\">\n<p><strong>Explore os encantos da Ilha Grande:<\/strong><\/p>\n<\/blockquote>\n\n\n\n<ul class=\"wp-block-list\">\n<li>\ud83e\udd7e Trilha para o Pico do Papagaio<\/li>\n\n\n\n<li>\ud83c\udfd6\ufe0f Passeio de barco pelas ilhas e lagoas<\/li>\n\n\n\n<li>\ud83d\udc20 Mergulho com snorkel em \u00e1guas cristalinas<\/li>\n\n\n\n<li>\ud83c\udf05 P\u00f4r do sol na Praia Preta<\/li>\n\n\n\n<li>\ud83c\udf79 Gastronomia local na Vila do Abra\u00e3o<\/li>\n<\/ul>\n\n\n\n<div style=\"height:50px\" aria-hidden=\"true\" class=\"wp-block-spacer\"><\/div>\n\n\n\n<hr class=\"wp-block-separator has-alpha-channel-opacity\"\/>\n\n\n\n<figure class=\"wp-block-gallery has-nested-images columns-default is-cropped wp-block-gallery-1 is-layout-flex wp-block-gallery-is-layout-flex\">\n<figure class=\"wp-block-image size-large\"><img loading=\"lazy\" decoding=\"async\" width=\"1024\" height=\"768\" data-id=\"93\" src=\"https:\/\/pitangailhagrande.com\/wp-content\/uploads\/2025\/08\/Praia_Preta_Ilha_Grande-1024x768.jpg\" alt=\"\" class=\"wp-image-93\" srcset=\"https:\/\/pitangailhagrande.com\/wp-content\/uploads\/2025\/08\/Praia_Preta_Ilha_Grande-1024x768.jpg 1024w, https:\/\/pitangailhagrande.com\/wp-content\/uploads\/2025\/08\/Praia_Preta_Ilha_Grande-300x225.jpg 300w, https:\/\/pitangailhagrande.com\/wp-content\/uploads\/2025\/08\/Praia_Preta_Ilha_Grande-768x576.jpg 768w, https:\/\/pitangailhagrande.com\/wp-content\/uploads\/2025\/08\/Praia_Preta_Ilha_Grande-1536x1152.jpg 1536w, https:\/\/pitangailhagrande.com\/wp-content\/uploads\/2025\/08\/Praia_Preta_Ilha_Grande-2048x1536.jpg 2048w\" sizes=\"auto, (max-width: 1024px) 100vw, 1024px\" \/><\/figure>\n\n\n\n<figure class=\"wp-block-image size-large\"><img loading=\"lazy\" decoding=\"async\" width=\"1024\" height=\"768\" data-id=\"95\" src=\"https:\/\/pitangailhagrande.com\/wp-content\/uploads\/2025\/08\/lagoa-verde-ilha-grande-1024x768.jpg\" alt=\"\" class=\"wp-image-95\" srcset=\"https:\/\/pitangailhagrande.com\/wp-content\/uploads\/2025\/08\/lagoa-verde-ilha-grande-1024x768.jpg 1024w, https:\/\/pitangailhagrande.com\/wp-content\/uploads\/2025\/08\/lagoa-verde-ilha-grande-300x225.jpg 300w, https:\/\/pitangailhagrande.com\/wp-content\/uploads\/2025\/08\/lagoa-verde-ilha-grande-768x576.jpg 768w, https:\/\/pitangailhagrande.com\/wp-content\/uploads\/2025\/08\/lagoa-verde-ilha-grande-1536x1152.jpg 1536w, https:\/\/pitangailhagrande.com\/wp-content\/uploads\/2025\/08\/lagoa-verde-ilha-grande.jpg 2048w\" sizes=\"auto, (max-width: 1024px) 100vw, 1024px\" \/><\/figure>\n\n\n\n<figure class=\"wp-block-image size-large\"><img loading=\"lazy\" decoding=\"async\" width=\"1024\" height=\"684\" data-id=\"94\" src=\"https:\/\/pitangailhagrande.com\/wp-content\/uploads\/2025\/08\/trilha-ilha-grande-1024x684.jpg\" alt=\"\" class=\"wp-image-94\" srcset=\"https:\/\/pitangailhagrande.com\/wp-content\/uploads\/2025\/08\/trilha-ilha-grande-1024x684.jpg 1024w, https:\/\/pitangailhagrande.com\/wp-content\/uploads\/2025\/08\/trilha-ilha-grande-300x200.jpg 300w, https:\/\/pitangailhagrande.com\/wp-content\/uploads\/2025\/08\/trilha-ilha-grande-768x513.jpg 768w, https:\/\/pitangailhagrande.com\/wp-content\/uploads\/2025\/08\/trilha-ilha-grande-1536x1025.jpg 1536w, https:\/\/pitangailhagrande.com\/wp-content\/uploads\/2025\/08\/trilha-ilha-grande.jpg 2048w\" sizes=\"auto, (max-width: 1024px) 100vw, 1024px\" \/><\/figure>\n\n\n\n<figure class=\"wp-block-image size-large\"><img loading=\"lazy\" decoding=\"async\" width=\"710\" height=\"533\" data-id=\"97\" src=\"https:\/\/pitangailhagrande.com\/wp-content\/uploads\/2025\/08\/ilha-grande-1.jpg\" alt=\"\" class=\"wp-image-97\" srcset=\"https:\/\/pitangailhagrande.com\/wp-content\/uploads\/2025\/08\/ilha-grande-1.jpg 710w, https:\/\/pitangailhagrande.com\/wp-content\/uploads\/2025\/08\/ilha-grande-1-300x225.jpg 300w\" sizes=\"auto, (max-width: 710px) 100vw, 710px\" \/><\/figure>\n\n\n\n<figure class=\"wp-block-image size-large\"><img loading=\"lazy\" decoding=\"async\" width=\"948\" height=\"569\" data-id=\"96\" src=\"https:\/\/pitangailhagrande.com\/wp-content\/uploads\/2025\/08\/ilhas-botinas.jpg\" alt=\"\" class=\"wp-image-96\" srcset=\"https:\/\/pitangailhagrande.com\/wp-content\/uploads\/2025\/08\/ilhas-botinas.jpg 948w, https:\/\/pitangailhagrande.com\/wp-content\/uploads\/2025\/08\/ilhas-botinas-300x180.jpg 300w, https:\/\/pitangailhagrande.com\/wp-content\/uploads\/2025\/08\/ilhas-botinas-768x461.jpg 768w\" sizes=\"auto, (max-width: 948px) 100vw, 948px\" \/><\/figure>\n\n\n\n<figure class=\"wp-block-image size-large\"><img loading=\"lazy\" decoding=\"async\" width=\"1024\" height=\"695\" data-id=\"98\" src=\"https:\/\/pitangailhagrande.com\/wp-content\/uploads\/2025\/08\/lagoa-azul-ilha-grande-1024x695.jpg\" alt=\"\" class=\"wp-image-98\" srcset=\"https:\/\/pitangailhagrande.com\/wp-content\/uploads\/2025\/08\/lagoa-azul-ilha-grande-1024x695.jpg 1024w, https:\/\/pitangailhagrande.com\/wp-content\/uploads\/2025\/08\/lagoa-azul-ilha-grande-300x204.jpg 300w, https:\/\/pitangailhagrande.com\/wp-content\/uploads\/2025\/08\/lagoa-azul-ilha-grande-768x521.jpg 768w, https:\/\/pitangailhagrande.com\/wp-content\/uploads\/2025\/08\/lagoa-azul-ilha-grande.jpg 1200w\" sizes=\"auto, (max-width: 1024px) 100vw, 1024px\" \/><\/figure>\n\n\n\n<figure class=\"wp-block-image size-large\"><img loading=\"lazy\" decoding=\"async\" width=\"1024\" height=\"576\" data-id=\"99\" src=\"https:\/\/pitangailhagrande.com\/wp-content\/uploads\/2025\/08\/ilha-grande-casass-1024x576.jpg\" alt=\"\" class=\"wp-image-99\" srcset=\"https:\/\/pitangailhagrande.com\/wp-content\/uploads\/2025\/08\/ilha-grande-casass-1024x576.jpg 1024w, https:\/\/pitangailhagrande.com\/wp-content\/uploads\/2025\/08\/ilha-grande-casass-300x169.jpg 300w, https:\/\/pitangailhagrande.com\/wp-content\/uploads\/2025\/08\/ilha-grande-casass-768x432.jpg 768w, https:\/\/pitangailhagrande.com\/wp-content\/uploads\/2025\/08\/ilha-grande-casass.jpg 1280w\" sizes=\"auto, (max-width: 1024px) 100vw, 1024px\" \/><\/figure>\n\n\n\n<figure class=\"wp-block-image size-large\"><img loading=\"lazy\" decoding=\"async\" width=\"1024\" height=\"768\" data-id=\"101\" src=\"https:\/\/pitangailhagrande.com\/wp-content\/uploads\/2025\/08\/abrraao.jpg\" alt=\"\" class=\"wp-image-101\" srcset=\"https:\/\/pitangailhagrande.com\/wp-content\/uploads\/2025\/08\/abrraao.jpg 1024w, https:\/\/pitangailhagrande.com\/wp-content\/uploads\/2025\/08\/abrraao-300x225.jpg 300w, https:\/\/pitangailhagrande.com\/wp-content\/uploads\/2025\/08\/abrraao-768x576.jpg 768w\" sizes=\"auto, (max-width: 1024px) 100vw, 1024px\" \/><\/figure>\n\n\n\n<figure class=\"wp-block-image size-large\"><img loading=\"lazy\" decoding=\"async\" width=\"1024\" height=\"768\" data-id=\"100\" src=\"https:\/\/pitangailhagrande.com\/wp-content\/uploads\/2025\/08\/barquinho-ilha-grande.jpg\" alt=\"\" class=\"wp-image-100\" srcset=\"https:\/\/pitangailhagrande.com\/wp-content\/uploads\/2025\/08\/barquinho-ilha-grande.jpg 1024w, https:\/\/pitangailhagrande.com\/wp-content\/uploads\/2025\/08\/barquinho-ilha-grande-300x225.jpg 300w, https:\/\/pitangailhagrande.com\/wp-content\/uploads\/2025\/08\/barquinho-ilha-grande-768x576.jpg 768w\" sizes=\"auto, (max-width: 1024px) 100vw, 1024px\" \/><\/figure>\n\n\n\n<figure class=\"wp-block-image size-large\"><img loading=\"lazy\" decoding=\"async\" width=\"1024\" height=\"768\" data-id=\"102\" src=\"https:\/\/pitangailhagrande.com\/wp-content\/uploads\/2025\/08\/ilha-grande-112-1024x768.jpg\" alt=\"\" class=\"wp-image-102\" srcset=\"https:\/\/pitangailhagrande.com\/wp-content\/uploads\/2025\/08\/ilha-grande-112-1024x768.jpg 1024w, https:\/\/pitangailhagrande.com\/wp-content\/uploads\/2025\/08\/ilha-grande-112-300x225.jpg 300w, https:\/\/pitangailhagrande.com\/wp-content\/uploads\/2025\/08\/ilha-grande-112-768x576.jpg 768w, https:\/\/pitangailhagrande.com\/wp-content\/uploads\/2025\/08\/ilha-grande-112.jpg 1182w\" sizes=\"auto, (max-width: 1024px) 100vw, 1024px\" \/><\/figure>\n<\/figure>\n","protected":false},"excerpt":{"rendered":"<p>Mais do que hospedagem, uma experi\u00eancia acolhedora.Na Pousada Pitanga, acreditamos que descanso de verdade come\u00e7a com simplicidade, conforto e natureza. Estamos localizados na charmosa Vila do Abra\u00e3o, em meio \u00e0 mata atl\u00e2ntica, com f\u00e1cil acesso \u00e0s trilhas e praias mais encantadoras da Ilha Grande.Aqui, voc\u00ea \u00e9 recebido com carinho, num ambiente familiar e tranquilo \u2014 [&hellip;]<\/p>\n","protected":false},"author":1,"featured_media":0,"parent":0,"menu_order":0,"comment_status":"closed","ping_status":"closed","template":"","meta":{"footnotes":""},"class_list":["post-92","page","type-page","status-publish","hentry"],"yoast_head":"<!-- This site is optimized with the Yoast SEO plugin v25.6 - https:\/\/yoast.com\/wordpress\/plugins\/seo\/ -->\n<title>A Ilha - Pitanga Ilha Grande<\/title>\n<meta name=\"description\" content=\"Acreditamos que descanso de verdade come\u00e7a com simplicidade, conforto e natureza. Estamos localizados na charmosa Vila do Abra\u00e3o, em meio \u00e0 mata atl\u00e2ntica\" \/>\n<meta name=\"robots\" content=\"index, follow, max-snippet:-1, max-image-preview:large, max-video-preview:-1\" \/>\n<link rel=\"canonical\" href=\"https:\/\/pitangailhagrande.com\/index.php\/a-ilha\/\" \/>\n<meta property=\"og:locale\" content=\"en_US\" \/>\n<meta property=\"og:type\" content=\"article\" \/>\n<meta property=\"og:title\" content=\"A Ilha - Pitanga Ilha Grande\" \/>\n<meta property=\"og:description\" content=\"Acreditamos que descanso de verdade come\u00e7a com simplicidade, conforto e natureza. Estamos localizados na charmosa Vila do Abra\u00e3o, em meio \u00e0 mata atl\u00e2ntica\" \/>\n<meta property=\"og:url\" content=\"https:\/\/pitangailhagrande.com\/index.php\/a-ilha\/\" \/>\n<meta property=\"og:site_name\" content=\"Pitanga Ilha Grande\" \/>\n<meta property=\"article:modified_time\" content=\"2025-08-04T00:54:11+00:00\" \/>\n<meta property=\"og:image\" content=\"https:\/\/pitangailhagrande.com\/wp-content\/uploads\/2025\/08\/Praia_Preta_Ilha_Grande-1024x768.jpg\" \/>\n<meta name=\"twitter:card\" content=\"summary_large_image\" \/>\n<meta name=\"twitter:label1\" content=\"Est. reading time\" \/>\n\t<meta name=\"twitter:data1\" content=\"3 minutes\" \/>\n<script type=\"application\/ld+json\" class=\"yoast-schema-graph\">{\"@context\":\"https:\/\/schema.org\",\"@graph\":[{\"@type\":\"WebPage\",\"@id\":\"https:\/\/pitangailhagrande.com\/index.php\/a-ilha\/\",\"url\":\"https:\/\/pitangailhagrande.com\/index.php\/a-ilha\/\",\"name\":\"A Ilha - Pitanga Ilha Grande\",\"isPartOf\":{\"@id\":\"https:\/\/pitangailhagrande.com\/#website\"},\"primaryImageOfPage\":{\"@id\":\"https:\/\/pitangailhagrande.com\/index.php\/a-ilha\/#primaryimage\"},\"image\":{\"@id\":\"https:\/\/pitangailhagrande.com\/index.php\/a-ilha\/#primaryimage\"},\"thumbnailUrl\":\"https:\/\/pitangailhagrande.com\/wp-content\/uploads\/2025\/08\/Praia_Preta_Ilha_Grande-1024x768.jpg\",\"datePublished\":\"2025-08-04T00:54:08+00:00\",\"dateModified\":\"2025-08-04T00:54:11+00:00\",\"description\":\"Acreditamos que descanso de verdade come\u00e7a com simplicidade, conforto e natureza. Estamos localizados na charmosa Vila do Abra\u00e3o, em meio \u00e0 mata atl\u00e2ntica\",\"breadcrumb\":{\"@id\":\"https:\/\/pitangailhagrande.com\/index.php\/a-ilha\/#breadcrumb\"},\"inLanguage\":\"en-US\",\"potentialAction\":[{\"@type\":\"ReadAction\",\"target\":[\"https:\/\/pitangailhagrande.com\/index.php\/a-ilha\/\"]}]},{\"@type\":\"ImageObject\",\"inLanguage\":\"en-US\",\"@id\":\"https:\/\/pitangailhagrande.com\/index.php\/a-ilha\/#primaryimage\",\"url\":\"https:\/\/pitangailhagrande.com\/wp-content\/uploads\/2025\/08\/Praia_Preta_Ilha_Grande-scaled.jpg\",\"contentUrl\":\"https:\/\/pitangailhagrande.com\/wp-content\/uploads\/2025\/08\/Praia_Preta_Ilha_Grande-scaled.jpg\",\"width\":2560,\"height\":1920},{\"@type\":\"BreadcrumbList\",\"@id\":\"https:\/\/pitangailhagrande.com\/index.php\/a-ilha\/#breadcrumb\",\"itemListElement\":[{\"@type\":\"ListItem\",\"position\":1,\"name\":\"In\u00edcio\",\"item\":\"https:\/\/pitangailhagrande.com\/\"},{\"@type\":\"ListItem\",\"position\":2,\"name\":\"A Ilha\"}]},{\"@type\":\"WebSite\",\"@id\":\"https:\/\/pitangailhagrande.com\/#website\",\"url\":\"https:\/\/pitangailhagrande.com\/\",\"name\":\"Pitanga Ilha Grande\",\"description\":\"Mais do que hospedagem, uma experi\u00eancia acolhedora.\",\"publisher\":{\"@id\":\"https:\/\/pitangailhagrande.com\/#organization\"},\"potentialAction\":[{\"@type\":\"SearchAction\",\"target\":{\"@type\":\"EntryPoint\",\"urlTemplate\":\"https:\/\/pitangailhagrande.com\/?s={search_term_string}\"},\"query-input\":{\"@type\":\"PropertyValueSpecification\",\"valueRequired\":true,\"valueName\":\"search_term_string\"}}],\"inLanguage\":\"en-US\"},{\"@type\":\"Organization\",\"@id\":\"https:\/\/pitangailhagrande.com\/#organization\",\"name\":\"Pitanga Ilha Grande\",\"url\":\"https:\/\/pitangailhagrande.com\/\",\"logo\":{\"@type\":\"ImageObject\",\"inLanguage\":\"en-US\",\"@id\":\"https:\/\/pitangailhagrande.com\/#\/schema\/logo\/image\/\",\"url\":\"http:\/\/pitangailhagrande.com\/wp-content\/uploads\/2025\/08\/cropped-logo-pousada-pitanga.jpg\",\"contentUrl\":\"http:\/\/pitangailhagrande.com\/wp-content\/uploads\/2025\/08\/cropped-logo-pousada-pitanga.jpg\",\"width\":512,\"height\":512,\"caption\":\"Pitanga Ilha Grande\"},\"image\":{\"@id\":\"https:\/\/pitangailhagrande.com\/#\/schema\/logo\/image\/\"}}]}<\/script>\n<!-- \/ Yoast SEO plugin. -->","yoast_head_json":{"title":"A Ilha - Pitanga Ilha Grande","description":"Acreditamos que descanso de verdade come\u00e7a com simplicidade, conforto e natureza. Estamos localizados na charmosa Vila do Abra\u00e3o, em meio \u00e0 mata atl\u00e2ntica","robots":{"index":"index","follow":"follow","max-snippet":"max-snippet:-1","max-image-preview":"max-image-preview:large","max-video-preview":"max-video-preview:-1"},"canonical":"https:\/\/pitangailhagrande.com\/index.php\/a-ilha\/","og_locale":"en_US","og_type":"article","og_title":"A Ilha - Pitanga Ilha Grande","og_description":"Acreditamos que descanso de verdade come\u00e7a com simplicidade, conforto e natureza. Estamos localizados na charmosa Vila do Abra\u00e3o, em meio \u00e0 mata atl\u00e2ntica","og_url":"https:\/\/pitangailhagrande.com\/index.php\/a-ilha\/","og_site_name":"Pitanga Ilha Grande","article_modified_time":"2025-08-04T00:54:11+00:00","og_image":[{"url":"https:\/\/pitangailhagrande.com\/wp-content\/uploads\/2025\/08\/Praia_Preta_Ilha_Grande-1024x768.jpg","type":"","width":"","height":""}],"twitter_card":"summary_large_image","twitter_misc":{"Est. reading time":"3 minutes"},"schema":{"@context":"https:\/\/schema.org","@graph":[{"@type":"WebPage","@id":"https:\/\/pitangailhagrande.com\/index.php\/a-ilha\/","url":"https:\/\/pitangailhagrande.com\/index.php\/a-ilha\/","name":"A Ilha - Pitanga Ilha Grande","isPartOf":{"@id":"https:\/\/pitangailhagrande.com\/#website"},"primaryImageOfPage":{"@id":"https:\/\/pitangailhagrande.com\/index.php\/a-ilha\/#primaryimage"},"image":{"@id":"https:\/\/pitangailhagrande.com\/index.php\/a-ilha\/#primaryimage"},"thumbnailUrl":"https:\/\/pitangailhagrande.com\/wp-content\/uploads\/2025\/08\/Praia_Preta_Ilha_Grande-1024x768.jpg","datePublished":"2025-08-04T00:54:08+00:00","dateModified":"2025-08-04T00:54:11+00:00","description":"Acreditamos que descanso de verdade come\u00e7a com simplicidade, conforto e natureza. Estamos localizados na charmosa Vila do Abra\u00e3o, em meio \u00e0 mata atl\u00e2ntica","breadcrumb":{"@id":"https:\/\/pitangailhagrande.com\/index.php\/a-ilha\/#breadcrumb"},"inLanguage":"en-US","potentialAction":[{"@type":"ReadAction","target":["https:\/\/pitangailhagrande.com\/index.php\/a-ilha\/"]}]},{"@type":"ImageObject","inLanguage":"en-US","@id":"https:\/\/pitangailhagrande.com\/index.php\/a-ilha\/#primaryimage","url":"https:\/\/pitangailhagrande.com\/wp-content\/uploads\/2025\/08\/Praia_Preta_Ilha_Grande-scaled.jpg","contentUrl":"https:\/\/pitangailhagrande.com\/wp-content\/uploads\/2025\/08\/Praia_Preta_Ilha_Grande-scaled.jpg","width":2560,"height":1920},{"@type":"BreadcrumbList","@id":"https:\/\/pitangailhagrande.com\/index.php\/a-ilha\/#breadcrumb","itemListElement":[{"@type":"ListItem","position":1,"name":"In\u00edcio","item":"https:\/\/pitangailhagrande.com\/"},{"@type":"ListItem","position":2,"name":"A Ilha"}]},{"@type":"WebSite","@id":"https:\/\/pitangailhagrande.com\/#website","url":"https:\/\/pitangailhagrande.com\/","name":"Pitanga Ilha Grande","description":"Mais do que hospedagem, uma experi\u00eancia acolhedora.","publisher":{"@id":"https:\/\/pitangailhagrande.com\/#organization"},"potentialAction":[{"@type":"SearchAction","target":{"@type":"EntryPoint","urlTemplate":"https:\/\/pitangailhagrande.com\/?s={search_term_string}"},"query-input":{"@type":"PropertyValueSpecification","valueRequired":true,"valueName":"search_term_string"}}],"inLanguage":"en-US"},{"@type":"Organization","@id":"https:\/\/pitangailhagrande.com\/#organization","name":"Pitanga Ilha Grande","url":"https:\/\/pitangailhagrande.com\/","logo":{"@type":"ImageObject","inLanguage":"en-US","@id":"https:\/\/pitangailhagrande.com\/#\/schema\/logo\/image\/","url":"http:\/\/pitangailhagrande.com\/wp-content\/uploads\/2025\/08\/cropped-logo-pousada-pitanga.jpg","contentUrl":"http:\/\/pitangailhagrande.com\/wp-content\/uploads\/2025\/08\/cropped-logo-pousada-pitanga.jpg","width":512,"height":512,"caption":"Pitanga Ilha Grande"},"image":{"@id":"https:\/\/pitangailhagrande.com\/#\/schema\/logo\/image\/"}}]}},"_links":{"self":[{"href":"https:\/\/pitangailhagrande.com\/index.php\/wp-json\/wp\/v2\/pages\/92","targetHints":{"allow":["GET"]}}],"collection":[{"href":"https:\/\/pitangailhagrande.com\/index.php\/wp-json\/wp\/v2\/pages"}],"about":[{"href":"https:\/\/pitangailhagrande.com\/index.php\/wp-json\/wp\/v2\/types\/page"}],"author":[{"embeddable":true,"href":"https:\/\/pitangailhagrande.com\/index.php\/wp-json\/wp\/v2\/users\/1"}],"replies":[{"embeddable":true,"href":"https:\/\/pitangailhagrande.com\/index.php\/wp-json\/wp\/v2\/comments?post=92"}],"version-history":[{"count":1,"href":"https:\/\/pitangailhagrande.com\/index.php\/wp-json\/wp\/v2\/pages\/92\/revisions"}],"predecessor-version":[{"id":104,"href":"https:\/\/pitangailhagrande.com\/index.php\/wp-json\/wp\/v2\/pages\/92\/revisions\/104"}],"wp:attachment":[{"href":"https:\/\/pitangailhagrande.com\/index.php\/wp-json\/wp\/v2\/media?parent=92"}],"curies":[{"name":"wp","href":"https:\/\/api.w.org\/{rel}","templated":true}]}}