{"id":80,"date":"2025-08-03T20:28:30","date_gmt":"2025-08-03T23:28:30","guid":{"rendered":"https:\/\/pitangailhagrande.com\/?page_id=80"},"modified":"2025-08-03T20:47:17","modified_gmt":"2025-08-03T23:47:17","slug":"contato","status":"publish","type":"page","link":"https:\/\/pitangailhagrande.com\/index.php\/contato\/","title":{"rendered":"Contato"},"content":{"rendered":"\n<figure class=\"wp-block-image size-large\"><img loading=\"lazy\" decoding=\"async\" width=\"1024\" height=\"309\" src=\"https:\/\/pitangailhagrande.com\/wp-content\/uploads\/2025\/08\/banner-pitanga-1-1024x309.jpg\" alt=\"\" class=\"wp-image-81\" srcset=\"https:\/\/pitangailhagrande.com\/wp-content\/uploads\/2025\/08\/banner-pitanga-1-1024x309.jpg 1024w, https:\/\/pitangailhagrande.com\/wp-content\/uploads\/2025\/08\/banner-pitanga-1-300x90.jpg 300w, https:\/\/pitangailhagrande.com\/wp-content\/uploads\/2025\/08\/banner-pitanga-1-768x232.jpg 768w, https:\/\/pitangailhagrande.com\/wp-content\/uploads\/2025\/08\/banner-pitanga-1-1536x463.jpg 1536w, https:\/\/pitangailhagrande.com\/wp-content\/uploads\/2025\/08\/banner-pitanga-1.jpg 1990w\" sizes=\"auto, (max-width: 1024px) 100vw, 1024px\" \/><\/figure>\n\n\n\n<p><\/p>\n\n\n\n<p><strong>Viva momentos inesquec\u00edveis na Pousada Pitanga.<\/strong><br>Estamos prontos para tirar suas d\u00favidas, ajudar com sua reserva e garantir que sua experi\u00eancia na Ilha Grande seja perfeita. Fale com a gente!<\/p>\n\n\n\n<div style=\"margin-top: 1em; padding: 1em; border: 1px solid #ddd; border-radius: 8px; background-color: #f9f9f9; max-width: 500px;\"> \n\n\ud83d\udd58 Atendimento:<br>\nSegunda\u2014sexta: 9h\u201317h<br>\nS\u00e1bados e domingos: 11h\u201315h<br>\nRua do Bic\u00e3o, 199 &#8211; Vila Abra\u00e3o &#8211; Ilha Grande &#8211; Angra dos Reis\/RJ<br>\nE-Mail: contato@pitangailhagrande.com<br>\n\ud83d\udd39 Telefone \/ WhatsApp<br>\n\ud83d\udcf1 <strong>(24) 99945-8953<\/strong><br>\n<a href=\"https:\/\/wa.me\/5524999458953\" target=\"_blank\" style=\"display: inline-block; margin-top: 1em; padding: 10px 20px; background-color: #2C5F34; color: white; border-radius: 5px; text-decoration: none; font-weight: bold;\"> \ud83d\udcac WhatsApp <\/a> <\/div> \n","protected":false},"excerpt":{"rendered":"<p>Viva momentos inesquec\u00edveis na Pousada Pitanga.Estamos prontos para tirar suas d\u00favidas, ajudar com sua reserva e garantir que sua experi\u00eancia na Ilha Grande seja perfeita. Fale com a gente! \ud83d\udd58 Atendimento: Segunda\u2014sexta: 9h\u201317h S\u00e1bados e domingos: 11h\u201315h Rua do Bic\u00e3o, 199 &#8211; Vila Abra\u00e3o &#8211; Ilha Grande &#8211; Angra dos Reis\/RJ E-Mail: contato@pitangailhagrande.com \ud83d\udd39 Telefone [&hellip;]<\/p>\n","protected":false},"author":1,"featured_media":0,"parent":0,"menu_order":0,"comment_status":"closed","ping_status":"closed","template":"","meta":{"footnotes":""},"class_list":["post-80","page","type-page","status-publish","hentry"],"yoast_head":"<!-- This site is optimized with the Yoast SEO plugin v25.6 - https:\/\/yoast.com\/wordpress\/plugins\/seo\/ -->\n<title>Contato - Pitanga Ilha Grande<\/title>\n<meta name=\"description\" content=\"Na Pousada Pitanga, acreditamos que descanso de verdade come\u00e7a com simplicidade, conforto e natureza. Estamos localizados na Vila do Abra\u00e3o Ilha Grande, em meio \u00e0 mata atl\u00e2ntica\" \/>\n<meta name=\"robots\" content=\"index, follow, max-snippet:-1, max-image-preview:large, max-video-preview:-1\" \/>\n<link rel=\"canonical\" href=\"https:\/\/pitangailhagrande.com\/index.php\/contato\/\" \/>\n<meta property=\"og:locale\" content=\"en_US\" \/>\n<meta property=\"og:type\" content=\"article\" \/>\n<meta property=\"og:title\" content=\"Contato - Pitanga Ilha Grande\" \/>\n<meta property=\"og:description\" content=\"Na Pousada Pitanga, acreditamos que descanso de verdade come\u00e7a com simplicidade, conforto e natureza. Estamos localizados na Vila do Abra\u00e3o Ilha Grande, em meio \u00e0 mata atl\u00e2ntica\" \/>\n<meta property=\"og:url\" content=\"https:\/\/pitangailhagrande.com\/index.php\/contato\/\" \/>\n<meta property=\"og:site_name\" content=\"Pitanga Ilha Grande\" \/>\n<meta property=\"article:modified_time\" content=\"2025-08-03T23:47:17+00:00\" \/>\n<meta property=\"og:image\" content=\"https:\/\/pitangailhagrande.com\/wp-content\/uploads\/2025\/08\/banner-pitanga-1-1024x309.jpg\" \/>\n<meta name=\"twitter:card\" content=\"summary_large_image\" \/>\n<meta name=\"twitter:label1\" content=\"Est. reading time\" \/>\n\t<meta name=\"twitter:data1\" content=\"1 minute\" \/>\n<script type=\"application\/ld+json\" class=\"yoast-schema-graph\">{\"@context\":\"https:\/\/schema.org\",\"@graph\":[{\"@type\":\"WebPage\",\"@id\":\"https:\/\/pitangailhagrande.com\/index.php\/contato\/\",\"url\":\"https:\/\/pitangailhagrande.com\/index.php\/contato\/\",\"name\":\"Contato - Pitanga Ilha Grande\",\"isPartOf\":{\"@id\":\"https:\/\/pitangailhagrande.com\/#website\"},\"primaryImageOfPage\":{\"@id\":\"https:\/\/pitangailhagrande.com\/index.php\/contato\/#primaryimage\"},\"image\":{\"@id\":\"https:\/\/pitangailhagrande.com\/index.php\/contato\/#primaryimage\"},\"thumbnailUrl\":\"https:\/\/pitangailhagrande.com\/wp-content\/uploads\/2025\/08\/banner-pitanga-1-1024x309.jpg\",\"datePublished\":\"2025-08-03T23:28:30+00:00\",\"dateModified\":\"2025-08-03T23:47:17+00:00\",\"description\":\"Na Pousada Pitanga, acreditamos que descanso de verdade come\u00e7a com simplicidade, conforto e natureza. Estamos localizados na Vila do Abra\u00e3o Ilha Grande, em meio \u00e0 mata atl\u00e2ntica\",\"breadcrumb\":{\"@id\":\"https:\/\/pitangailhagrande.com\/index.php\/contato\/#breadcrumb\"},\"inLanguage\":\"en-US\",\"potentialAction\":[{\"@type\":\"ReadAction\",\"target\":[\"https:\/\/pitangailhagrande.com\/index.php\/contato\/\"]}]},{\"@type\":\"ImageObject\",\"inLanguage\":\"en-US\",\"@id\":\"https:\/\/pitangailhagrande.com\/index.php\/contato\/#primaryimage\",\"url\":\"https:\/\/pitangailhagrande.com\/wp-content\/uploads\/2025\/08\/banner-pitanga-1.jpg\",\"contentUrl\":\"https:\/\/pitangailhagrande.com\/wp-content\/uploads\/2025\/08\/banner-pitanga-1.jpg\",\"width\":1990,\"height\":600},{\"@type\":\"BreadcrumbList\",\"@id\":\"https:\/\/pitangailhagrande.com\/index.php\/contato\/#breadcrumb\",\"itemListElement\":[{\"@type\":\"ListItem\",\"position\":1,\"name\":\"In\u00edcio\",\"item\":\"https:\/\/pitangailhagrande.com\/\"},{\"@type\":\"ListItem\",\"position\":2,\"name\":\"Contato\"}]},{\"@type\":\"WebSite\",\"@id\":\"https:\/\/pitangailhagrande.com\/#website\",\"url\":\"https:\/\/pitangailhagrande.com\/\",\"name\":\"Pitanga Ilha Grande\",\"description\":\"Mais do que hospedagem, uma experi\u00eancia acolhedora.\",\"publisher\":{\"@id\":\"https:\/\/pitangailhagrande.com\/#organization\"},\"potentialAction\":[{\"@type\":\"SearchAction\",\"target\":{\"@type\":\"EntryPoint\",\"urlTemplate\":\"https:\/\/pitangailhagrande.com\/?s={search_term_string}\"},\"query-input\":{\"@type\":\"PropertyValueSpecification\",\"valueRequired\":true,\"valueName\":\"search_term_string\"}}],\"inLanguage\":\"en-US\"},{\"@type\":\"Organization\",\"@id\":\"https:\/\/pitangailhagrande.com\/#organization\",\"name\":\"Pitanga Ilha Grande\",\"url\":\"https:\/\/pitangailhagrande.com\/\",\"logo\":{\"@type\":\"ImageObject\",\"inLanguage\":\"en-US\",\"@id\":\"https:\/\/pitangailhagrande.com\/#\/schema\/logo\/image\/\",\"url\":\"http:\/\/pitangailhagrande.com\/wp-content\/uploads\/2025\/08\/cropped-logo-pousada-pitanga.jpg\",\"contentUrl\":\"http:\/\/pitangailhagrande.com\/wp-content\/uploads\/2025\/08\/cropped-logo-pousada-pitanga.jpg\",\"width\":512,\"height\":512,\"caption\":\"Pitanga Ilha Grande\"},\"image\":{\"@id\":\"https:\/\/pitangailhagrande.com\/#\/schema\/logo\/image\/\"}}]}<\/script>\n<!-- \/ Yoast SEO plugin. -->","yoast_head_json":{"title":"Contato - Pitanga Ilha Grande","description":"Na Pousada Pitanga, acreditamos que descanso de verdade come\u00e7a com simplicidade, conforto e natureza. Estamos localizados na Vila do Abra\u00e3o Ilha Grande, em meio \u00e0 mata atl\u00e2ntica","robots":{"index":"index","follow":"follow","max-snippet":"max-snippet:-1","max-image-preview":"max-image-preview:large","max-video-preview":"max-video-preview:-1"},"canonical":"https:\/\/pitangailhagrande.com\/index.php\/contato\/","og_locale":"en_US","og_type":"article","og_title":"Contato - Pitanga Ilha Grande","og_description":"Na Pousada Pitanga, acreditamos que descanso de verdade come\u00e7a com simplicidade, conforto e natureza. Estamos localizados na Vila do Abra\u00e3o Ilha Grande, em meio \u00e0 mata atl\u00e2ntica","og_url":"https:\/\/pitangailhagrande.com\/index.php\/contato\/","og_site_name":"Pitanga Ilha Grande","article_modified_time":"2025-08-03T23:47:17+00:00","og_image":[{"url":"https:\/\/pitangailhagrande.com\/wp-content\/uploads\/2025\/08\/banner-pitanga-1-1024x309.jpg","type":"","width":"","height":""}],"twitter_card":"summary_large_image","twitter_misc":{"Est. reading time":"1 minute"},"schema":{"@context":"https:\/\/schema.org","@graph":[{"@type":"WebPage","@id":"https:\/\/pitangailhagrande.com\/index.php\/contato\/","url":"https:\/\/pitangailhagrande.com\/index.php\/contato\/","name":"Contato - Pitanga Ilha Grande","isPartOf":{"@id":"https:\/\/pitangailhagrande.com\/#website"},"primaryImageOfPage":{"@id":"https:\/\/pitangailhagrande.com\/index.php\/contato\/#primaryimage"},"image":{"@id":"https:\/\/pitangailhagrande.com\/index.php\/contato\/#primaryimage"},"thumbnailUrl":"https:\/\/pitangailhagrande.com\/wp-content\/uploads\/2025\/08\/banner-pitanga-1-1024x309.jpg","datePublished":"2025-08-03T23:28:30+00:00","dateModified":"2025-08-03T23:47:17+00:00","description":"Na Pousada Pitanga, acreditamos que descanso de verdade come\u00e7a com simplicidade, conforto e natureza. Estamos localizados na Vila do Abra\u00e3o Ilha Grande, em meio \u00e0 mata atl\u00e2ntica","breadcrumb":{"@id":"https:\/\/pitangailhagrande.com\/index.php\/contato\/#breadcrumb"},"inLanguage":"en-US","potentialAction":[{"@type":"ReadAction","target":["https:\/\/pitangailhagrande.com\/index.php\/contato\/"]}]},{"@type":"ImageObject","inLanguage":"en-US","@id":"https:\/\/pitangailhagrande.com\/index.php\/contato\/#primaryimage","url":"https:\/\/pitangailhagrande.com\/wp-content\/uploads\/2025\/08\/banner-pitanga-1.jpg","contentUrl":"https:\/\/pitangailhagrande.com\/wp-content\/uploads\/2025\/08\/banner-pitanga-1.jpg","width":1990,"height":600},{"@type":"BreadcrumbList","@id":"https:\/\/pitangailhagrande.com\/index.php\/contato\/#breadcrumb","itemListElement":[{"@type":"ListItem","position":1,"name":"In\u00edcio","item":"https:\/\/pitangailhagrande.com\/"},{"@type":"ListItem","position":2,"name":"Contato"}]},{"@type":"WebSite","@id":"https:\/\/pitangailhagrande.com\/#website","url":"https:\/\/pitangailhagrande.com\/","name":"Pitanga Ilha Grande","description":"Mais do que hospedagem, uma experi\u00eancia acolhedora.","publisher":{"@id":"https:\/\/pitangailhagrande.com\/#organization"},"potentialAction":[{"@type":"SearchAction","target":{"@type":"EntryPoint","urlTemplate":"https:\/\/pitangailhagrande.com\/?s={search_term_string}"},"query-input":{"@type":"PropertyValueSpecification","valueRequired":true,"valueName":"search_term_string"}}],"inLanguage":"en-US"},{"@type":"Organization","@id":"https:\/\/pitangailhagrande.com\/#organization","name":"Pitanga Ilha Grande","url":"https:\/\/pitangailhagrande.com\/","logo":{"@type":"ImageObject","inLanguage":"en-US","@id":"https:\/\/pitangailhagrande.com\/#\/schema\/logo\/image\/","url":"http:\/\/pitangailhagrande.com\/wp-content\/uploads\/2025\/08\/cropped-logo-pousada-pitanga.jpg","contentUrl":"http:\/\/pitangailhagrande.com\/wp-content\/uploads\/2025\/08\/cropped-logo-pousada-pitanga.jpg","width":512,"height":512,"caption":"Pitanga Ilha Grande"},"image":{"@id":"https:\/\/pitangailhagrande.com\/#\/schema\/logo\/image\/"}}]}},"_links":{"self":[{"href":"https:\/\/pitangailhagrande.com\/index.php\/wp-json\/wp\/v2\/pages\/80","targetHints":{"allow":["GET"]}}],"collection":[{"href":"https:\/\/pitangailhagrande.com\/index.php\/wp-json\/wp\/v2\/pages"}],"about":[{"href":"https:\/\/pitangailhagrande.com\/index.php\/wp-json\/wp\/v2\/types\/page"}],"author":[{"embeddable":true,"href":"https:\/\/pitangailhagrande.com\/index.php\/wp-json\/wp\/v2\/users\/1"}],"replies":[{"embeddable":true,"href":"https:\/\/pitangailhagrande.com\/index.php\/wp-json\/wp\/v2\/comments?post=80"}],"version-history":[{"count":1,"href":"https:\/\/pitangailhagrande.com\/index.php\/wp-json\/wp\/v2\/pages\/80\/revisions"}],"predecessor-version":[{"id":83,"href":"https:\/\/pitangailhagrande.com\/index.php\/wp-json\/wp\/v2\/pages\/80\/revisions\/83"}],"wp:attachment":[{"href":"https:\/\/pitangailhagrande.com\/index.php\/wp-json\/wp\/v2\/media?parent=80"}],"curies":[{"name":"wp","href":"https:\/\/api.w.org\/{rel}","templated":true}]}}